{"id":1545,"date":"2025-06-09T15:50:14","date_gmt":"2025-06-09T19:50:14","guid":{"rendered":"https:\/\/aventuresinuit.ca\/?page_id=1545"},"modified":"2025-06-25T16:01:11","modified_gmt":"2025-06-25T20:01:11","slug":"elders-camp-program","status":"publish","type":"page","link":"https:\/\/aventuresinuit.ca\/en\/elders-camp-program\/","title":{"rendered":"Elder&#8217;s camp program"},"content":{"rendered":"\n\n\t<h2>\n\t\t\t\tElder&#8217;s camps program \n\t\t\t<\/h2>\n\t\t\t<p><strong>MISARVIK\u00a0 in Payne River camp<\/strong>Registrations are open until June 19, 2025, 5 p.m.<\/p>\t\n\t<h4>\n\t\t\t\tInuit Elder&#8217;s Camp in Nunavik &#8211; 6 Days of Culture, Relaxation, and Connection at Payne River Camp\n\t\t\t<\/h4>\n\t\t\t<p><strong>Join a unique retreat in nature, reserved for Inuit seniors from across Nunavik.<\/strong>\u00a0From July 14 to August 5, 2025, come experience an unforgettable journey in an exceptional natural setting. Over six days, take the opportunity to reconnect with the land, your culture, and others. This camp offers the perfect chance to meet other seniors from different communities, share your stories, knowledge, and traditions in a welcoming, respectful, and stimulating environment.\u00a0<strong>Program includes:<\/strong><\/p><ul><li>\ud83c\udf7d\ufe0f Traditional Inuit meals<\/li><li>\ud83d\udef6 Canoe fishing<\/li><li>\ud83d\udc63 Guided hikes<\/li><li>\ud83e\udd85 Wildlife observation<\/li><li>\ud83c\udfa8 Artistic workshops<\/li><li>\ud83c\udfb2 Games, cultural activities, and a lot of fun!<\/li><\/ul>\t\n\t\t\t\t<img decoding=\"async\" src=\"https:\/\/aventuresinuit.ca\/wp-content\/uploads\/bb-plugin\/cache\/Misarvik-Avataq-Elise-Danielle-174-scaled-panorama.webp\" alt=\"Misarvik-Avataq-Elise Danielle-174\" title=\"Misarvik-Avataq-Elise Danielle-174\" itemprop=\"image\"  \/>\n\t\t\t\t<img decoding=\"async\" src=\"https:\/\/aventuresinuit.ca\/wp-content\/uploads\/bb-plugin\/cache\/Misarvik-Avataq-Elise-Danielle-108-scaled-panorama.webp\" alt=\"Misarvik-Avataq-Elise Danielle-108\" title=\"Misarvik-Avataq-Elise Danielle-108\" itemprop=\"image\"  \/>\n\t\t\t\t<img decoding=\"async\" src=\"http:\/\/aventuresinuit.ca\/wp-content\/uploads\/2025\/05\/Misarvik-Avataq-Elise-Danielle-104-scaled.webp\" alt=\"Misarvik-Avataq-Elise Danielle-104\" itemprop=\"image\" title=\"Misarvik-Avataq-Elise Danielle-104\" onerror=\"this.style.display='none'\"  \/>\n\t\t\t<h3>Why participate?<\/h3>\t\t\t\n\t\t\t\t<article dir=\"auto\" data-testid=\"conversation-turn-6\" data-scroll-anchor=\"true\">\nLes a\u00een\u00e9s inuits du Nunavik, en raison de l&#8217;isolement g\u00e9ographique entre les villages, ont peu d&#8217;occasions de se rencontrer. Leurs interactions se d\u00e9roulent souvent dans des contextes hospitaliers, ce qui limite les liens sociaux. Ce projet vise \u00e0 briser cet isolement en offrant un espace chaleureux et inclusif o\u00f9 les a\u00een\u00e9s peuvent se retrouver, partager leurs traditions et c\u00e9l\u00e9brer la culture inuite dans un environnement naturel exceptionnel.\nEn favorisant ces rencontres pr\u00e9cieuses, nous contribuons \u00e0 pr\u00e9server et \u00e0 transmettre la culture inuite tout en renfor\u00e7ant les liens entre les g\u00e9n\u00e9rations pr\u00e9sentes et futures.\n<\/article>\n\t\t\t<h3>Quand?<\/h3>\t\t\t\n\t\t\t\t<p>Le camp se d\u00e9roulera du 14 juillet au 5 ao\u00fbt 2025, avec des dates diff\u00e9rentes pour chaque groupe.<\/p>\n\t\t\t<h3>O\u00f9?<\/h3>\t\t\t\n\t\t\t\t<p>Le camp aura lieu au<strong> Camp de la rivi\u00e8re Payne<\/strong>, en pleine toundra, dans un environnement isol\u00e9 et naturel.<\/p>\n\t\t\t<h3>Comment participer?<\/h3>\t\t\t\n\t\t\t\tPr\u00eat \u00e0 vivre l&#8217;exp\u00e9rience? L&#8217;inscription est simple!\nLes formulaires d&#8217;inscription et les certificats m\u00e9dicaux sont disponibles au bureau de votre coop locale.<br data-start=\"160\" data-end=\"163\" \/>Veuillez retourner les formulaires remplis avant la date limite du <strong data-start=\"230\" data-end=\"246\">19 juin 2025<\/strong> pour r\u00e9server votre place.\n\u00c9tant donn\u00e9 que le camp se d\u00e9roule dans une r\u00e9gion isol\u00e9e, un <strong data-start=\"337\" data-end=\"383\">certificat m\u00e9dical sign\u00e9 par votre m\u00e9decin<\/strong> est \u00e9galement requis afin d&#8217;assurer votre s\u00e9curit\u00e9 et votre bien-\u00eatre.\n<strong data-start=\"456\" data-end=\"487\">Crit\u00e8res de participation :<\/strong><br data-start=\"487\" data-end=\"490\" \/>\u2714\ufe0f \u00catre \u00e2g\u00e9 de 65 ans ou plus<br data-start=\"519\" data-end=\"522\" \/>\u2714\ufe0f \u00catre r\u00e9sident du Nunavik<br data-start=\"549\" data-end=\"552\" \/>\u2714\ufe0f \u00catre m\u00e9dicalement autonome\n\t\n\t\t\t<p><strong>Don&#8217;t miss this unique opportunity for connection, culture, and nature.<\/strong><\/p>\t\n\t<h2>\n\t\t\t\tReserve your spot now!\n\t\t\t<\/h2>\n\t\t\t<p>Forms are available at your local co-op office. Fill out the registration and medical forms, and return them to your co-op before the deadline: <strong>June 19, 2025<\/strong>.Questions? Call <a href=\"tel:18556573319\">1 855 657-3319<\/a>\u00a0|\u00a0<a href=\"tel:15144573319\">1 514 457-3319<\/a> or <a href=\"mailto:info@inuitadventures.com\">info@inuitadventures.com<\/a><\/p>\t\n\t\t\t<a href =\"\/contact\/\" target=\"_self\">\n\t\t\t\t\t\t\t\tFor more information please contact us.\t\t\t\t\t\t\t\n\t\t\t\t\t\t<\/a>\n\t\t\n","protected":false},"excerpt":{"rendered":"<p>Elder&#8217;s camps program MISARVIK\u00a0 in Payne River campRegistrations are open until June 19, 2025, 5 p.m. Inuit Elder&#8217;s Camp in Nunavik &#8211; 6 Days of Culture, Relaxation, and Connection at Payne River Camp Join a unique retreat in nature, reserved for Inuit seniors from across Nunavik.\u00a0From July 14 to August 5, 2025, come experience an [&hellip;]<\/p>\n","protected":false},"author":3,"featured_media":0,"parent":0,"menu_order":0,"comment_status":"closed","ping_status":"closed","template":"","meta":{"site-sidebar-layout":"no-sidebar","site-content-layout":"page-builder","ast-site-content-layout":"full-width-container","site-content-style":"unboxed","site-sidebar-style":"unboxed","ast-global-header-display":"","ast-banner-title-visibility":"","ast-main-header-display":"","ast-hfb-above-header-display":"","ast-hfb-below-header-display":"","ast-hfb-mobile-header-display":"","site-post-title":"disabled","ast-breadcrumbs-content":"","ast-featured-img":"disabled","footer-sml-layout":"","ast-disable-related-posts":"","theme-transparent-header-meta":"enabled","adv-header-id-meta":"","stick-header-meta":"","header-above-stick-meta":"","header-main-stick-meta":"","header-below-stick-meta":"","astra-migrate-meta-layouts":"set","ast-page-background-enabled":"default","ast-page-background-meta":{"desktop":{"background-color":"","background-image":"","background-repeat":"repeat","background-position":"center center","background-size":"auto","background-attachment":"scroll","background-type":"","background-media":"","overlay-type":"","overlay-color":"","overlay-opacity":"","overlay-gradient":""},"tablet":{"background-color":"","background-image":"","background-repeat":"repeat","background-position":"center center","background-size":"auto","background-attachment":"scroll","background-type":"","background-media":"","overlay-type":"","overlay-color":"","overlay-opacity":"","overlay-gradient":""},"mobile":{"background-color":"","background-image":"","background-repeat":"repeat","background-position":"center center","background-size":"auto","background-attachment":"scroll","background-type":"","background-media":"","overlay-type":"","overlay-color":"","overlay-opacity":"","overlay-gradient":""}},"ast-content-background-meta":{"desktop":{"background-color":"var(--ast-global-color-5)","background-image":"","background-repeat":"repeat","background-position":"center center","background-size":"auto","background-attachment":"scroll","background-type":"","background-media":"","overlay-type":"","overlay-color":"","overlay-opacity":"","overlay-gradient":""},"tablet":{"background-color":"var(--ast-global-color-5)","background-image":"","background-repeat":"repeat","background-position":"center center","background-size":"auto","background-attachment":"scroll","background-type":"","background-media":"","overlay-type":"","overlay-color":"","overlay-opacity":"","overlay-gradient":""},"mobile":{"background-color":"var(--ast-global-color-5)","background-image":"","background-repeat":"repeat","background-position":"center center","background-size":"auto","background-attachment":"scroll","background-type":"","background-media":"","overlay-type":"","overlay-color":"","overlay-opacity":"","overlay-gradient":""}},"footnotes":""},"class_list":["post-1545","page","type-page","status-publish","hentry"],"_links":{"self":[{"href":"https:\/\/aventuresinuit.ca\/en\/wp-json\/wp\/v2\/pages\/1545","targetHints":{"allow":["GET"]}}],"collection":[{"href":"https:\/\/aventuresinuit.ca\/en\/wp-json\/wp\/v2\/pages"}],"about":[{"href":"https:\/\/aventuresinuit.ca\/en\/wp-json\/wp\/v2\/types\/page"}],"author":[{"embeddable":true,"href":"https:\/\/aventuresinuit.ca\/en\/wp-json\/wp\/v2\/users\/3"}],"replies":[{"embeddable":true,"href":"https:\/\/aventuresinuit.ca\/en\/wp-json\/wp\/v2\/comments?post=1545"}],"version-history":[{"count":13,"href":"https:\/\/aventuresinuit.ca\/en\/wp-json\/wp\/v2\/pages\/1545\/revisions"}],"predecessor-version":[{"id":1619,"href":"https:\/\/aventuresinuit.ca\/en\/wp-json\/wp\/v2\/pages\/1545\/revisions\/1619"}],"wp:attachment":[{"href":"https:\/\/aventuresinuit.ca\/en\/wp-json\/wp\/v2\/media?parent=1545"}],"curies":[{"name":"wp","href":"https:\/\/api.w.org\/{rel}","templated":true}]}}